{"id":615,"date":"2023-10-16T20:39:43","date_gmt":"2023-10-16T18:39:43","guid":{"rendered":"https:\/\/weingut-huller.de\/?page_id=615"},"modified":"2025-09-01T10:42:38","modified_gmt":"2025-09-01T08:42:38","slug":"weingut","status":"publish","type":"page","link":"https:\/\/weingut-huller.de\/?page_id=615","title":{"rendered":"Weingut"},"content":{"rendered":"\t\t<div data-elementor-type=\"wp-page\" data-elementor-id=\"615\" class=\"elementor elementor-615\" data-elementor-post-type=\"page\">\n\t\t\t\t\t\t<section class=\"elementor-section elementor-top-section elementor-element elementor-element-c50838b elementor-section-boxed elementor-section-height-default elementor-section-height-default\" data-id=\"c50838b\" data-element_type=\"section\" data-settings=\"{&quot;background_background&quot;:&quot;classic&quot;}\">\n\t\t\t\t\t\t\t<div class=\"elementor-background-overlay\"><\/div>\n\t\t\t\t\t\t\t<div class=\"elementor-container elementor-column-gap-default\">\n\t\t\t\t\t<div class=\"elementor-column elementor-col-100 elementor-top-column elementor-element elementor-element-55b0429\" data-id=\"55b0429\" data-element_type=\"column\">\n\t\t\t<div class=\"elementor-widget-wrap elementor-element-populated\">\n\t\t\t\t\t\t<div class=\"elementor-element elementor-element-453e782 elementor-widget elementor-widget-heading\" data-id=\"453e782\" data-element_type=\"widget\" data-widget_type=\"heading.default\">\n\t\t\t\t<div class=\"elementor-widget-container\">\n\t\t\t<h1 class=\"elementor-heading-title elementor-size-default\">UNSER WEINGUT<\/h1>\t\t<\/div>\n\t\t\t\t<\/div>\n\t\t\t\t\t<\/div>\n\t\t<\/div>\n\t\t\t\t\t<\/div>\n\t\t<\/section>\n\t\t<div class=\"elementor-element elementor-element-7934447 e-flex e-con-boxed e-con e-parent\" data-id=\"7934447\" data-element_type=\"container\">\n\t\t\t\t\t<div class=\"e-con-inner\">\n\t\t<div class=\"elementor-element elementor-element-d95b511 e-con-full e-flex e-con e-child\" data-id=\"d95b511\" data-element_type=\"container\">\n\t\t\t\t<div class=\"elementor-element elementor-element-f792eff elementor-widget elementor-widget-image\" data-id=\"f792eff\" data-element_type=\"widget\" data-widget_type=\"image.default\">\n\t\t\t\t<div class=\"elementor-widget-container\">\n\t\t\t\t\t\t\t\t\t\t\t\t\t<img fetchpriority=\"high\" decoding=\"async\" width=\"427\" height=\"640\" src=\"https:\/\/weingut-huller.de\/wp-content\/uploads\/2023\/10\/Michael.jpg\" class=\"attachment-large size-large wp-image-628\" alt=\"\" srcset=\"https:\/\/weingut-huller.de\/wp-content\/uploads\/2023\/10\/Michael.jpg 427w, https:\/\/weingut-huller.de\/wp-content\/uploads\/2023\/10\/Michael-300x450.jpg 300w\" sizes=\"(max-width: 427px) 100vw, 427px\" \/>\t\t\t\t\t\t\t\t\t\t\t\t\t<\/div>\n\t\t\t\t<\/div>\n\t\t\t\t<\/div>\n\t\t<div class=\"elementor-element elementor-element-18728d7 e-con-full e-flex e-con e-child\" data-id=\"18728d7\" data-element_type=\"container\">\n\t\t\t\t<div class=\"elementor-element elementor-element-d625212 elementor-widget elementor-widget-text-editor\" data-id=\"d625212\" data-element_type=\"widget\" data-widget_type=\"text-editor.default\">\n\t\t\t\t<div class=\"elementor-widget-container\">\n\t\t\t\t\t\t\t<div class=\"elementor-element elementor-element-a0ce042 elementor-widget elementor-widget-heading\" data-id=\"a0ce042\" data-element_type=\"widget\" data-widget_type=\"heading.default\"><div class=\"elementor-widget-container\"><h5 class=\"elementor-heading-title elementor-size-default\">Michael Huller<\/h5><\/div><\/div><div class=\"elementor-element elementor-element-ff0f137 elementor-widget elementor-widget-heading\" data-id=\"ff0f137\" data-element_type=\"widget\" data-widget_type=\"heading.default\"><div class=\"elementor-widget-container\"><h2 class=\"elementor-heading-title elementor-size-default\">Winzer mit Herzblut<\/h2><\/div><\/div><div class=\"elementor-element elementor-element-72da1a5 elementor-widget elementor-widget-text-editor\" data-id=\"72da1a5\" data-element_type=\"widget\" data-widget_type=\"text-editor.default\"><div class=\"elementor-widget-container\"><p>Wein zu machen ist f\u00fcr mich das Gr\u00f6\u00dfte! Natur und Abenteuer, kalt und warm, Arbeit und Genuss. Das will ich. Bewusst und nachhaltig mit der Natur gemeinsam ein Produkt gestalten, das immer einmalig ist. Das ist eine fantastische Aufgabe.<\/p><\/div><\/div>\t\t\t\t\t\t<\/div>\n\t\t\t\t<\/div>\n\t\t\t\t<\/div>\n\t\t\t\t\t<\/div>\n\t\t\t\t<\/div>\n\t\t<div class=\"elementor-element elementor-element-5037cae4 e-con-full e-flex e-con e-parent\" data-id=\"5037cae4\" data-element_type=\"container\" data-settings=\"{&quot;background_background&quot;:&quot;classic&quot;}\">\n\t\t<div class=\"elementor-element elementor-element-1497ab30 e-con-full e-flex e-con e-child\" data-id=\"1497ab30\" data-element_type=\"container\">\n\t\t\t\t<div class=\"elementor-element elementor-element-71daf9d9 elementor-widget elementor-widget-text-editor\" data-id=\"71daf9d9\" data-element_type=\"widget\" data-widget_type=\"text-editor.default\">\n\t\t\t\t<div class=\"elementor-widget-container\">\n\t\t\t\t\t\t\t<p><span style=\"font-style: inherit;\"><b>Homburg am Main<\/b><\/span><\/p><p>Oben das Schloss, unten der Main. Und wir mittendrin im Altort. Rings um uns der rote Buntsandstein und der Muschelkalk auf dem die Reben stehen. So typisch und einmalig f\u00fcr das Mainviereck und f\u00fcr Homburg.<\/p><p>Der Spessart ist ganz nah &amp; wir sind Franken.<\/p>\t\t\t\t\t\t<\/div>\n\t\t\t\t<\/div>\n\t\t\t\t<\/div>\n\t\t<div class=\"elementor-element elementor-element-1087e463 e-con-full e-flex e-con e-child\" data-id=\"1087e463\" data-element_type=\"container\">\n\t\t\t\t<div class=\"elementor-element elementor-element-643a4386 elementor-widget elementor-widget-image\" data-id=\"643a4386\" data-element_type=\"widget\" data-widget_type=\"image.default\">\n\t\t\t\t<div class=\"elementor-widget-container\">\n\t\t\t\t\t\t\t\t\t\t\t\t\t<img decoding=\"async\" width=\"1024\" height=\"769\" src=\"https:\/\/weingut-huller.de\/wp-content\/uploads\/2023\/10\/IMG_5132.jpeg\" class=\"attachment-large size-large wp-image-626\" alt=\"\" srcset=\"https:\/\/weingut-huller.de\/wp-content\/uploads\/2023\/10\/IMG_5132.jpeg 2046w, https:\/\/weingut-huller.de\/wp-content\/uploads\/2023\/10\/IMG_5132-300x225.jpeg 300w, https:\/\/weingut-huller.de\/wp-content\/uploads\/2023\/10\/IMG_5132-600x451.jpeg 600w\" sizes=\"(max-width: 1024px) 100vw, 1024px\" \/>\t\t\t\t\t\t\t\t\t\t\t\t\t<\/div>\n\t\t\t\t<\/div>\n\t\t\t\t<\/div>\n\t\t<div class=\"elementor-element elementor-element-7b6ed7e8 e-con-full e-flex e-con e-child\" data-id=\"7b6ed7e8\" data-element_type=\"container\">\n\t\t\t\t<div class=\"elementor-element elementor-element-1fd2d3d elementor-widget elementor-widget-text-editor\" data-id=\"1fd2d3d\" data-element_type=\"widget\" data-widget_type=\"text-editor.default\">\n\t\t\t\t<div class=\"elementor-widget-container\">\n\t\t\t\t\t\t\t<p><span style=\"font-style: inherit;\"><b>Teamwork<\/b><\/span><\/p><p>Wenn\u2019s nicht so eine Freude w\u00e4re, k\u00f6nnte man denken es war Arbeit! Wir sind so gl\u00fccklich \u00fcber unser gro\u00dfartiges Team. Die Weinlese ist der H\u00f6hepunkt und alle sind happy ihren Teil zum neuen Wein beigetragen zu haben.<\/p>\t\t\t\t\t\t<\/div>\n\t\t\t\t<\/div>\n\t\t\t\t<\/div>\n\t\t<div class=\"elementor-element elementor-element-61f00e16 e-con-full e-flex e-con e-child\" data-id=\"61f00e16\" data-element_type=\"container\">\n\t\t\t\t<div class=\"elementor-element elementor-element-e51fb11 elementor-widget elementor-widget-image\" data-id=\"e51fb11\" data-element_type=\"widget\" data-widget_type=\"image.default\">\n\t\t\t\t<div class=\"elementor-widget-container\">\n\t\t\t\t\t\t\t\t\t\t\t\t\t<img decoding=\"async\" width=\"1024\" height=\"773\" src=\"https:\/\/weingut-huller.de\/wp-content\/uploads\/2023\/10\/Homburg-sw.jpg\" class=\"attachment-large size-large wp-image-634\" alt=\"\" srcset=\"https:\/\/weingut-huller.de\/wp-content\/uploads\/2023\/10\/Homburg-sw.jpg 1353w, https:\/\/weingut-huller.de\/wp-content\/uploads\/2023\/10\/Homburg-sw-300x226.jpg 300w, https:\/\/weingut-huller.de\/wp-content\/uploads\/2023\/10\/Homburg-sw-600x453.jpg 600w\" sizes=\"(max-width: 1024px) 100vw, 1024px\" \/>\t\t\t\t\t\t\t\t\t\t\t\t\t<\/div>\n\t\t\t\t<\/div>\n\t\t\t\t<\/div>\n\t\t<div class=\"elementor-element elementor-element-5f1236b6 e-con-full e-flex e-con e-child\" data-id=\"5f1236b6\" data-element_type=\"container\">\n\t\t\t\t<div class=\"elementor-element elementor-element-be2ed15 elementor-widget elementor-widget-text-editor\" data-id=\"be2ed15\" data-element_type=\"widget\" data-widget_type=\"text-editor.default\">\n\t\t\t\t<div class=\"elementor-widget-container\">\n\t\t\t\t\t\t\t<p><span style=\"font-style: inherit;\"><b>We are family.<\/b><\/span><\/p><p>F\u00fcr uns hei\u00dft Leben:<br \/><span style=\"font-style: inherit; font-weight: inherit;\">Familie, Vertrauen, Natur &amp; Nachhaltigkeit. Wir arbeiten f\u00fcr die Qualit\u00e4t unserer Produkte und f\u00fcr die Zukunft unserer Kinder.<br \/><\/span><span style=\"font-style: inherit; font-weight: inherit;\">Dabei kommt immer Freude auf!<\/span><\/p><p>Isabella, Alma, Luna &amp; Michael<\/p>\t\t\t\t\t\t<\/div>\n\t\t\t\t<\/div>\n\t\t\t\t<\/div>\n\t\t<div class=\"elementor-element elementor-element-380908c4 e-con-full e-flex e-con e-child\" data-id=\"380908c4\" data-element_type=\"container\">\n\t\t\t\t<div class=\"elementor-element elementor-element-7fd5cae9 elementor-widget elementor-widget-image\" data-id=\"7fd5cae9\" data-element_type=\"widget\" data-widget_type=\"image.default\">\n\t\t\t\t<div class=\"elementor-widget-container\">\n\t\t\t\t\t\t\t\t\t\t\t\t\t<img loading=\"lazy\" decoding=\"async\" width=\"1024\" height=\"1022\" src=\"https:\/\/weingut-huller.de\/wp-content\/uploads\/2023\/10\/Team-sw.jpg\" class=\"attachment-large size-large wp-image-635\" alt=\"\" srcset=\"https:\/\/weingut-huller.de\/wp-content\/uploads\/2023\/10\/Team-sw.jpg 1440w, https:\/\/weingut-huller.de\/wp-content\/uploads\/2023\/10\/Team-sw-300x299.jpg 300w, https:\/\/weingut-huller.de\/wp-content\/uploads\/2023\/10\/Team-sw-100x100.jpg 100w, https:\/\/weingut-huller.de\/wp-content\/uploads\/2023\/10\/Team-sw-600x599.jpg 600w\" sizes=\"(max-width: 1024px) 100vw, 1024px\" \/>\t\t\t\t\t\t\t\t\t\t\t\t\t<\/div>\n\t\t\t\t<\/div>\n\t\t\t\t<\/div>\n\t\t\t\t<\/div>\n\t\t<div class=\"elementor-element elementor-element-3ce9a48 e-flex e-con-boxed e-con e-parent\" data-id=\"3ce9a48\" data-element_type=\"container\">\n\t\t\t\t\t<div class=\"e-con-inner\">\n\t\t\t\t<div class=\"elementor-element elementor-element-b9bc5d2 elementor-widget elementor-widget-image\" data-id=\"b9bc5d2\" data-element_type=\"widget\" data-widget_type=\"image.default\">\n\t\t\t\t<div class=\"elementor-widget-container\">\n\t\t\t\t\t\t\t\t\t\t\t\t\t<img loading=\"lazy\" decoding=\"async\" width=\"1024\" height=\"703\" src=\"https:\/\/weingut-huller.de\/wp-content\/uploads\/2023\/10\/IMG_0590.jpeg\" class=\"attachment-large size-large wp-image-651\" alt=\"\" srcset=\"https:\/\/weingut-huller.de\/wp-content\/uploads\/2023\/10\/IMG_0590.jpeg 1085w, https:\/\/weingut-huller.de\/wp-content\/uploads\/2023\/10\/IMG_0590-300x206.jpeg 300w, https:\/\/weingut-huller.de\/wp-content\/uploads\/2023\/10\/IMG_0590-600x412.jpeg 600w\" sizes=\"(max-width: 1024px) 100vw, 1024px\" \/>\t\t\t\t\t\t\t\t\t\t\t\t\t<\/div>\n\t\t\t\t<\/div>\n\t\t\t\t\t<\/div>\n\t\t\t\t<\/div>\n\t\t<div class=\"elementor-element elementor-element-65862c5 e-flex e-con-boxed e-con e-parent\" data-id=\"65862c5\" data-element_type=\"container\">\n\t\t\t\t\t<div class=\"e-con-inner\">\n\t\t<div class=\"elementor-element elementor-element-5f46317 e-con-full e-flex e-con e-child\" data-id=\"5f46317\" data-element_type=\"container\">\n\t\t\t\t<div class=\"elementor-element elementor-element-3d679e9 elementor-widget elementor-widget-text-editor\" data-id=\"3d679e9\" data-element_type=\"widget\" data-widget_type=\"text-editor.default\">\n\t\t\t\t<div class=\"elementor-widget-container\">\n\t\t\t\t\t\t\t<div class=\"elementor-element elementor-element-65aa8b9 elementor-widget elementor-widget-heading\" data-id=\"65aa8b9\" data-element_type=\"widget\" data-widget_type=\"heading.default\"><div class=\"elementor-widget-container\"><h2 class=\"elementor-heading-title elementor-size-default\">FRANK &amp; FREI<br \/>13 Winzer &#8211; 13 Freunde<\/h2><\/div><\/div><div class=\"elementor-element elementor-element-2261101 elementor-widget elementor-widget-text-editor\" data-id=\"2261101\" data-element_type=\"widget\" data-widget_type=\"text-editor.default\"><div class=\"elementor-widget-container\"><p>F\u00fcr uns ist Frank &amp; Frei die coolste Winzergruppe Frankens.<\/p><p>Wir sind stolz, dabei sein zu d\u00fcrfen! Denn gemeinsam macht es viel mehr Spa\u00df.<\/p><p>Angefangen hat alles mit dem M\u00fcller-Thurgau, den Frank&amp;Frei zu einem neuen Kultwein gemacht hat.<br \/>Es darf nat\u00fcrlich auch nichts zum Anstossen fehlen: unser\u00a0 Secco Saign\u00e9e.<br \/>Und es w\u00e4re langweilig wenn man gemeinsam nicht immer wieder was Neues probieren w\u00fcrde \u2013 seit 2022 unseren alkoholfreien Wein Komma nix und nun auch den alkoholfreien Secco ROSA.<\/p><p>Das Frank&amp;Frei Feeling erleben, k\u00f6nnt Ihr bei unseren gemeinsamen Veranstaltungen.<\/p><p>Frank&amp;Frei hei\u00dft<br \/>Wein-Freundschaft und gemeinsame Wein-Leidenschaft!<\/p><\/div><\/div>\t\t\t\t\t\t<\/div>\n\t\t\t\t<\/div>\n\t\t\t\t<\/div>\n\t\t<div class=\"elementor-element elementor-element-12f1ea5 e-con-full e-flex e-con e-child\" data-id=\"12f1ea5\" data-element_type=\"container\">\n\t\t\t\t<div class=\"elementor-element elementor-element-c1fc2bf elementor-widget elementor-widget-image\" data-id=\"c1fc2bf\" data-element_type=\"widget\" data-widget_type=\"image.default\">\n\t\t\t\t<div class=\"elementor-widget-container\">\n\t\t\t\t\t\t\t\t\t\t\t\t\t<img loading=\"lazy\" decoding=\"async\" width=\"775\" height=\"1024\" src=\"https:\/\/weingut-huller.de\/wp-content\/uploads\/2023\/10\/Weingut-Huller_Isabella-und-Michael-2022-scaled.jpg\" class=\"attachment-large size-large wp-image-629\" alt=\"\" srcset=\"https:\/\/weingut-huller.de\/wp-content\/uploads\/2023\/10\/Weingut-Huller_Isabella-und-Michael-2022-scaled.jpg 1938w, https:\/\/weingut-huller.de\/wp-content\/uploads\/2023\/10\/Weingut-Huller_Isabella-und-Michael-2022-scaled-300x396.jpg 300w, https:\/\/weingut-huller.de\/wp-content\/uploads\/2023\/10\/Weingut-Huller_Isabella-und-Michael-2022-scaled-600x793.jpg 600w\" sizes=\"(max-width: 775px) 100vw, 775px\" \/>\t\t\t\t\t\t\t\t\t\t\t\t\t<\/div>\n\t\t\t\t<\/div>\n\t\t\t\t<\/div>\n\t\t\t\t\t<\/div>\n\t\t\t\t<\/div>\n\t\t<div class=\"elementor-element elementor-element-371e8c54 e-con-full e-flex e-con e-parent\" data-id=\"371e8c54\" data-element_type=\"container\" data-settings=\"{&quot;background_background&quot;:&quot;classic&quot;}\">\n\t\t<div class=\"elementor-element elementor-element-5c5a44e e-con-full e-flex e-con e-child\" data-id=\"5c5a44e\" data-element_type=\"container\">\n\t\t\t\t<div class=\"elementor-element elementor-element-78feedca elementor-widget elementor-widget-image\" data-id=\"78feedca\" data-element_type=\"widget\" data-widget_type=\"image.default\">\n\t\t\t\t<div class=\"elementor-widget-container\">\n\t\t\t\t\t\t\t\t\t\t\t\t\t<img loading=\"lazy\" decoding=\"async\" width=\"1024\" height=\"839\" src=\"https:\/\/weingut-huller.de\/wp-content\/uploads\/2023\/10\/Frank_und_Frei-Isabella-sw-1536x1258-1.jpg\" class=\"attachment-large size-large wp-image-660\" alt=\"\" srcset=\"https:\/\/weingut-huller.de\/wp-content\/uploads\/2023\/10\/Frank_und_Frei-Isabella-sw-1536x1258-1.jpg 1536w, https:\/\/weingut-huller.de\/wp-content\/uploads\/2023\/10\/Frank_und_Frei-Isabella-sw-1536x1258-1-300x246.jpg 300w, https:\/\/weingut-huller.de\/wp-content\/uploads\/2023\/10\/Frank_und_Frei-Isabella-sw-1536x1258-1-600x491.jpg 600w\" sizes=\"(max-width: 1024px) 100vw, 1024px\" \/>\t\t\t\t\t\t\t\t\t\t\t\t\t<\/div>\n\t\t\t\t<\/div>\n\t\t\t\t<\/div>\n\t\t<div class=\"elementor-element elementor-element-8fd2357 e-con-full e-flex e-con e-child\" data-id=\"8fd2357\" data-element_type=\"container\">\n\t\t\t\t<div class=\"elementor-element elementor-element-e1054d3 elementor-widget elementor-widget-heading\" data-id=\"e1054d3\" data-element_type=\"widget\" data-widget_type=\"heading.default\">\n\t\t\t\t<div class=\"elementor-widget-container\">\n\t\t\t<h2 class=\"elementor-heading-title elementor-size-default\">Events<\/h2>\t\t<\/div>\n\t\t\t\t<\/div>\n\t\t\t\t<div class=\"elementor-element elementor-element-41fa73e elementor-widget elementor-widget-text-editor\" data-id=\"41fa73e\" data-element_type=\"widget\" data-widget_type=\"text-editor.default\">\n\t\t\t\t<div class=\"elementor-widget-container\">\n\t\t\t\t\t\t\t<p>Drinking Wine and having Fun! Wir wollen nicht nur guten Wein machen, wir wollen auch die Freude daran mit Menschen teilen, die Lust auf gemeinsamen Genuss haben. So machen wir Yoga im Weinberg (weil die Natur so inspirierend ist), unser Picknick an der Edelfrau (wer hat sonst eine so sch\u00f6ne blaue Weinbergsh\u00fctte?) und Hoffeste im Weingut! Und weil wir mega Freude daran haben, f\u00e4llt uns immer wieder was Neues ein. Unter Aktuelles bleibt Ihr immer auf dem Laufenden oder einfach f\u00fcr den Newsletter anmelden und nichts mehr verpassen.<\/p>\t\t\t\t\t\t<\/div>\n\t\t\t\t<\/div>\n\t\t\t\t<div class=\"elementor-element elementor-element-3ec5d4ac elementor-align-center elementor-widget elementor-widget-button\" data-id=\"3ec5d4ac\" data-element_type=\"widget\" data-widget_type=\"button.default\">\n\t\t\t\t<div class=\"elementor-widget-container\">\n\t\t\t\t\t<div class=\"elementor-button-wrapper\">\n\t\t\t<a class=\"elementor-button elementor-button-link elementor-size-sm\" href=\"https:\/\/weingut-huller.de\/?page_id=721\" target=\"_blank\">\n\t\t\t\t\t\t<span class=\"elementor-button-content-wrapper\">\n\t\t\t\t\t\t\t\t\t<span class=\"elementor-button-text\">Hier Klicken<\/span>\n\t\t\t\t\t<\/span>\n\t\t\t\t\t<\/a>\n\t\t<\/div>\n\t\t\t\t<\/div>\n\t\t\t\t<\/div>\n\t\t\t\t<\/div>\n\t\t\t\t<\/div>\n\t\t<div class=\"elementor-element elementor-element-ea6bc35 e-flex e-con-boxed e-con e-parent\" data-id=\"ea6bc35\" data-element_type=\"container\">\n\t\t\t\t\t<div class=\"e-con-inner\">\n\t\t\t\t\t<\/div>\n\t\t\t\t<\/div>\n\t\t\t\t<\/div>\n\t\t","protected":false},"excerpt":{"rendered":"<p>UNSER WEINGUT Michael Huller Winzer mit Herzblut Wein zu machen ist f\u00fcr mich das Gr\u00f6\u00dfte! Natur und Abenteuer, kalt und warm, Arbeit und Genuss. Das will ich. Bewusst und nachhaltig mit der Natur gemeinsam ein Produkt gestalten, das immer einmalig ist. Das ist eine fantastische Aufgabe. Homburg am Main Oben das Schloss, unten der Main. &hellip;<\/p>\n<p class=\"read-more\"> <a class=\"\" href=\"https:\/\/weingut-huller.de\/?page_id=615\"> <span class=\"screen-reader-text\">Weingut<\/span> Weiterlesen &raquo;<\/a><\/p>\n","protected":false},"author":1,"featured_media":0,"parent":0,"menu_order":0,"comment_status":"closed","ping_status":"closed","template":"","meta":{"site-sidebar-layout":"no-sidebar","site-content-layout":"page-builder","ast-site-content-layout":"full-width-container","site-content-style":"unboxed","site-sidebar-style":"unboxed","ast-global-header-display":"","ast-banner-title-visibility":"","ast-main-header-display":"","ast-hfb-above-header-display":"","ast-hfb-below-header-display":"","ast-hfb-mobile-header-display":"","site-post-title":"disabled","ast-breadcrumbs-content":"","ast-featured-img":"disabled","footer-sml-layout":"","theme-transparent-header-meta":"enabled","adv-header-id-meta":"","stick-header-meta":"","header-above-stick-meta":"","header-main-stick-meta":"","header-below-stick-meta":"","astra-migrate-meta-layouts":"set","footnotes":""},"class_list":["post-615","page","type-page","status-publish","hentry"],"jetpack_sharing_enabled":true,"_links":{"self":[{"href":"https:\/\/weingut-huller.de\/index.php?rest_route=\/wp\/v2\/pages\/615","targetHints":{"allow":["GET"]}}],"collection":[{"href":"https:\/\/weingut-huller.de\/index.php?rest_route=\/wp\/v2\/pages"}],"about":[{"href":"https:\/\/weingut-huller.de\/index.php?rest_route=\/wp\/v2\/types\/page"}],"author":[{"embeddable":true,"href":"https:\/\/weingut-huller.de\/index.php?rest_route=\/wp\/v2\/users\/1"}],"replies":[{"embeddable":true,"href":"https:\/\/weingut-huller.de\/index.php?rest_route=%2Fwp%2Fv2%2Fcomments&post=615"}],"version-history":[{"count":44,"href":"https:\/\/weingut-huller.de\/index.php?rest_route=\/wp\/v2\/pages\/615\/revisions"}],"predecessor-version":[{"id":1521,"href":"https:\/\/weingut-huller.de\/index.php?rest_route=\/wp\/v2\/pages\/615\/revisions\/1521"}],"wp:attachment":[{"href":"https:\/\/weingut-huller.de\/index.php?rest_route=%2Fwp%2Fv2%2Fmedia&parent=615"}],"curies":[{"name":"wp","href":"https:\/\/api.w.org\/{rel}","templated":true}]}}